{"id":1304,"date":"2026-03-04T12:04:52","date_gmt":"2026-03-04T10:04:52","guid":{"rendered":"https:\/\/timberframe.fi\/?page_id=1304"},"modified":"2026-03-23T14:22:35","modified_gmt":"2026-03-23T12:22:35","slug":"haeufig-gestellte-fragen-faq","status":"publish","type":"page","link":"https:\/\/timberframe.fi\/de\/haeufig-gestellte-fragen-faq\/","title":{"rendered":"H\u00e4ufig gestellte Fragen (FAQ)"},"content":{"rendered":"\n<div data-wp-context=\"{ &quot;autoclose&quot;: false, &quot;accordionItems&quot;: [] }\" data-wp-interactive=\"core\/accordion\" role=\"group\" class=\"wp-block-accordion is-layout-flow wp-block-accordion-is-layout-flow\">\n<div data-wp-class--is-open=\"state.isOpen\" data-wp-context=\"{ &quot;id&quot;: &quot;accordion-item-1&quot;, &quot;openByDefault&quot;: false }\" data-wp-init=\"callbacks.initAccordionItems\" data-wp-on-window--hashchange=\"callbacks.hashChange\" class=\"wp-block-accordion-item is-layout-flow wp-block-accordion-item-is-layout-flow\">\n<h3 class=\"wp-block-accordion-heading\"><button aria-expanded=\"false\" aria-controls=\"accordion-item-1-panel\" data-wp-bind--aria-expanded=\"state.isOpen\" data-wp-on--click=\"actions.toggle\" data-wp-on--keydown=\"actions.handleKeyDown\" id=\"accordion-item-1\" type=\"button\" class=\"wp-block-accordion-heading__toggle\"><span class=\"wp-block-accordion-heading__toggle-title\">Was genau ist ein Blockbohle?<\/span><span class=\"wp-block-accordion-heading__toggle-icon\" aria-hidden=\"true\">+<\/span><\/button><\/h3>\n\n\n\n<div inert aria-labelledby=\"accordion-item-1\" data-wp-bind--inert=\"!state.isOpen\" id=\"accordion-item-1-panel\" role=\"region\" class=\"wp-block-accordion-panel is-layout-flow wp-block-accordion-panel-is-layout-flow\">\n<p>Eine Blockbohle ist ein traditionelles Baumaterial aus ganzen Baumst\u00e4mmen. Nur gerade, hochwertige St\u00e4mme werden ausgew\u00e4hlt. <\/p>\n\n\n\n<p>Wir verwenden zwei Arten von Bohlen: die nicht-setzenden ProLog\u00ae CLT-Bohlen und traditionelle Leimholz-Bohlen, mit Eckverbindungen und Bohlenma\u00dfen, die perfekt zum Projekt passen.<\/p>\n<\/div>\n<\/div>\n\n\n\n<div data-wp-class--is-open=\"state.isOpen\" data-wp-context=\"{ &quot;id&quot;: &quot;accordion-item-2&quot;, &quot;openByDefault&quot;: false }\" data-wp-init=\"callbacks.initAccordionItems\" data-wp-on-window--hashchange=\"callbacks.hashChange\" class=\"wp-block-accordion-item is-layout-flow wp-block-accordion-item-is-layout-flow\">\n<h3 class=\"wp-block-accordion-heading\"><button aria-expanded=\"false\" aria-controls=\"accordion-item-2-panel\" data-wp-bind--aria-expanded=\"state.isOpen\" data-wp-on--click=\"actions.toggle\" data-wp-on--keydown=\"actions.handleKeyDown\" id=\"accordion-item-2\" type=\"button\" class=\"wp-block-accordion-heading__toggle\"><span class=\"wp-block-accordion-heading__toggle-title\">Warum ein Blockhaus w\u00e4hlen?<\/span><span class=\"wp-block-accordion-heading__toggle-icon\" aria-hidden=\"true\">+<\/span><\/button><\/h3>\n\n\n\n<div inert aria-labelledby=\"accordion-item-2\" data-wp-bind--inert=\"!state.isOpen\" id=\"accordion-item-2-panel\" role=\"region\" class=\"wp-block-accordion-panel is-layout-flow wp-block-accordion-panel-is-layout-flow\">\n<p>Blockh\u00e4user sind komfortabel, gesund und energieeffizient. Holz speichert und gibt W\u00e4rme sowie Feuchtigkeit gleichm\u00e4\u00dfig ab, schafft ein angenehmes Raumklima und l\u00e4sst sich etwas k\u00fchler temperieren, w\u00e4hrend es dennoch warm wirkt. Sie f\u00fcgen sich harmonisch in die Natur ein, passen in moderne Wohngebiete und sind eine nachhaltige Wahl.<\/p>\n<\/div>\n<\/div>\n\n\n\n<div data-wp-class--is-open=\"state.isOpen\" data-wp-context=\"{ &quot;id&quot;: &quot;accordion-item-3&quot;, &quot;openByDefault&quot;: false }\" data-wp-init=\"callbacks.initAccordionItems\" data-wp-on-window--hashchange=\"callbacks.hashChange\" class=\"wp-block-accordion-item is-layout-flow wp-block-accordion-item-is-layout-flow\">\n<h3 class=\"wp-block-accordion-heading\"><button aria-expanded=\"false\" aria-controls=\"accordion-item-3-panel\" data-wp-bind--aria-expanded=\"state.isOpen\" data-wp-on--click=\"actions.toggle\" data-wp-on--keydown=\"actions.handleKeyDown\" id=\"accordion-item-3\" type=\"button\" class=\"wp-block-accordion-heading__toggle\"><span class=\"wp-block-accordion-heading__toggle-title\">Was kostet ein individuelles Blockhaus?<\/span><span class=\"wp-block-accordion-heading__toggle-icon\" aria-hidden=\"true\">+<\/span><\/button><\/h3>\n\n\n\n<div inert aria-labelledby=\"accordion-item-3\" data-wp-bind--inert=\"!state.isOpen\" id=\"accordion-item-3-panel\" role=\"region\" class=\"wp-block-accordion-panel is-layout-flow wp-block-accordion-panel-is-layout-flow\">\n<p>Die Kosten h\u00e4ngen von Gr\u00f6\u00dfe, Materialien und Standort ab. Wir planen H\u00e4user nach Ihren W\u00fcnschen \u2013 Einfamilienh\u00e4user, Ferienh\u00e4user oder \u00f6ffentliche Geb\u00e4ude \u2013 und liefern vorl\u00e4ufige Angebote normalerweise innerhalb von drei Werktagen basierend auf Ihren Skizzen oder Pl\u00e4nen.<\/p>\n<\/div>\n<\/div>\n\n\n\n<div data-wp-class--is-open=\"state.isOpen\" data-wp-context=\"{ &quot;id&quot;: &quot;accordion-item-4&quot;, &quot;openByDefault&quot;: false }\" data-wp-init=\"callbacks.initAccordionItems\" data-wp-on-window--hashchange=\"callbacks.hashChange\" class=\"wp-block-accordion-item is-layout-flow wp-block-accordion-item-is-layout-flow\">\n<h3 class=\"wp-block-accordion-heading\"><button aria-expanded=\"false\" aria-controls=\"accordion-item-4-panel\" data-wp-bind--aria-expanded=\"state.isOpen\" data-wp-on--click=\"actions.toggle\" data-wp-on--keydown=\"actions.handleKeyDown\" id=\"accordion-item-4\" type=\"button\" class=\"wp-block-accordion-heading__toggle\"><span class=\"wp-block-accordion-heading__toggle-title\">Warum Timber Frame f\u00fcr den Bau w\u00e4hlen?<\/span><span class=\"wp-block-accordion-heading__toggle-icon\" aria-hidden=\"true\">+<\/span><\/button><\/h3>\n\n\n\n<div inert aria-labelledby=\"accordion-item-4\" data-wp-bind--inert=\"!state.isOpen\" id=\"accordion-item-4-panel\" role=\"region\" class=\"wp-block-accordion-panel is-layout-flow wp-block-accordion-panel-is-layout-flow\">\n<ul class=\"wp-block-list\">\n<li>Individuelle Blockbohlenh\u00e4user nach Ihren Vorstellungen<\/li>\n\n\n\n<li>Hochwertige, langlebige und \u00f6kologische Materialien<\/li>\n\n\n\n<li>Traditionelle und moderne, nicht-setzende Bohlenl\u00f6sungen<\/li>\n\n\n\n<li>Energieeffizientes und gesundes Wohnen<\/li>\n\n\n\n<li>\u00dcber 30 Jahre Erfahrung<\/li>\n\n\n\n<li>Fachkundiges, engagiertes Team<\/li>\n\n\n\n<li>Zuverl\u00e4ssige Lieferung \u2013 von Produktionsbeginn bis p\u00fcnktlicher Anlieferung auf der Baustelle<\/li>\n<\/ul>\n<\/div>\n<\/div>\n\n\n\n<div data-wp-class--is-open=\"state.isOpen\" data-wp-context=\"{ &quot;id&quot;: &quot;accordion-item-5&quot;, &quot;openByDefault&quot;: false }\" data-wp-init=\"callbacks.initAccordionItems\" data-wp-on-window--hashchange=\"callbacks.hashChange\" class=\"wp-block-accordion-item is-layout-flow wp-block-accordion-item-is-layout-flow\">\n<h3 class=\"wp-block-accordion-heading\"><button aria-expanded=\"false\" aria-controls=\"accordion-item-5-panel\" data-wp-bind--aria-expanded=\"state.isOpen\" data-wp-on--click=\"actions.toggle\" data-wp-on--keydown=\"actions.handleKeyDown\" id=\"accordion-item-5\" type=\"button\" class=\"wp-block-accordion-heading__toggle\"><span class=\"wp-block-accordion-heading__toggle-title\">Werden Ihre Bohlen aus finnischem Holz hergestellt?<\/span><span class=\"wp-block-accordion-heading__toggle-icon\" aria-hidden=\"true\">+<\/span><\/button><\/h3>\n\n\n\n<div inert aria-labelledby=\"accordion-item-5\" data-wp-bind--inert=\"!state.isOpen\" id=\"accordion-item-5-panel\" role=\"region\" class=\"wp-block-accordion-panel is-layout-flow wp-block-accordion-panel-is-layout-flow\">\n<p>Ja. Unsere Bohlen stammen aus langsam gewachsenem, engfaserigem finnischem Fichten- oder Kiefernholz aus den sauberen W\u00e4ldern von Kainuu, mit hohem Kernholzanteil. Alle Bohlen sind PEFC-zertifiziert und stehen f\u00fcr nachhaltige Forstwirtschaft.<\/p>\n\n\n\n<figure class=\"wp-block-embed is-type-video is-provider-youtube wp-block-embed-youtube wp-embed-aspect-16-9 wp-has-aspect-ratio\"><div class=\"wp-block-embed__wrapper\">\n<iframe loading=\"lazy\" title=\"Timber frame\" width=\"640\" height=\"360\" src=\"https:\/\/www.youtube.com\/embed\/fA5UQ4vfpL8?feature=oembed\" frameborder=\"0\" allow=\"accelerometer; autoplay; clipboard-write; encrypted-media; gyroscope; picture-in-picture; web-share\" referrerpolicy=\"strict-origin-when-cross-origin\" allowfullscreen><\/iframe>\n<\/div><\/figure>\n<\/div>\n<\/div>\n\n\n\n<div data-wp-class--is-open=\"state.isOpen\" data-wp-context=\"{ &quot;id&quot;: &quot;accordion-item-6&quot;, &quot;openByDefault&quot;: false }\" data-wp-init=\"callbacks.initAccordionItems\" data-wp-on-window--hashchange=\"callbacks.hashChange\" class=\"wp-block-accordion-item is-layout-flow wp-block-accordion-item-is-layout-flow\">\n<h3 class=\"wp-block-accordion-heading\"><button aria-expanded=\"false\" aria-controls=\"accordion-item-6-panel\" data-wp-bind--aria-expanded=\"state.isOpen\" data-wp-on--click=\"actions.toggle\" data-wp-on--keydown=\"actions.handleKeyDown\" id=\"accordion-item-6\" type=\"button\" class=\"wp-block-accordion-heading__toggle\"><span class=\"wp-block-accordion-heading__toggle-title\">Aufbau von Blockbohlenw\u00e4nden?<\/span><span class=\"wp-block-accordion-heading__toggle-icon\" aria-hidden=\"true\">+<\/span><\/button><\/h3>\n\n\n\n<div inert aria-labelledby=\"accordion-item-6\" data-wp-bind--inert=\"!state.isOpen\" id=\"accordion-item-6-panel\" role=\"region\" class=\"wp-block-accordion-panel is-layout-flow wp-block-accordion-panel-is-layout-flow\">\n<p>Der Aufbau der W\u00e4nde ist einfach, wenn Sie die Herstelleranweisungen befolgen und das richtige Werkzeug verwenden. Jede Bohle ist klar gekennzeichnet, sodass die Montage schnell, pr\u00e4zise und unkompliziert verl\u00e4uft.<\/p>\n\n\n\n<p>Sehen Sie sich das Video unten f\u00fcr eine Schritt-f\u00fcr-Schritt-Anleitung zum Aufbau von Blockbohlenw\u00e4nden an (Untertitel derzeit nur auf Finnisch).<\/p>\n\n\n\n<figure class=\"wp-block-video\"><video height=\"1080\" style=\"aspect-ratio: 1920 \/ 1080;\" width=\"1920\" controls poster=\"https:\/\/timberframe.fi\/wp-content\/uploads\/2026\/03\/ProLog-hirsikehikon-pystytys-mp4-image.jpg\" src=\"https:\/\/timberframe.fi\/wp-content\/uploads\/2026\/03\/ProLog-hirsikehikon-pystytys.mp4\"><\/video><\/figure>\n<\/div>\n<\/div>\n\n\n\n<div data-wp-class--is-open=\"state.isOpen\" data-wp-context=\"{ &quot;id&quot;: &quot;accordion-item-7&quot;, &quot;openByDefault&quot;: false }\" data-wp-init=\"callbacks.initAccordionItems\" data-wp-on-window--hashchange=\"callbacks.hashChange\" class=\"wp-block-accordion-item is-layout-flow wp-block-accordion-item-is-layout-flow\">\n<h3 class=\"wp-block-accordion-heading\"><button aria-expanded=\"false\" aria-controls=\"accordion-item-7-panel\" data-wp-bind--aria-expanded=\"state.isOpen\" data-wp-on--click=\"actions.toggle\" data-wp-on--keydown=\"actions.handleKeyDown\" id=\"accordion-item-7\" type=\"button\" class=\"wp-block-accordion-heading__toggle\"><span class=\"wp-block-accordion-heading__toggle-title\">Wann sollte ich mich melden?<\/span><span class=\"wp-block-accordion-heading__toggle-icon\" aria-hidden=\"true\">+<\/span><\/button><\/h3>\n\n\n\n<div inert aria-labelledby=\"accordion-item-7\" data-wp-bind--inert=\"!state.isOpen\" id=\"accordion-item-7-panel\" role=\"region\" class=\"wp-block-accordion-panel is-layout-flow wp-block-accordion-panel-is-layout-flow\">\n<p>Am besten schon dann, wenn die Bauidee gerade erst entsteht. Sie brauchen noch keine fertigen Pl\u00e4ne \u2013 oft hilft ein erstes Gespr\u00e4ch schon dabei, Budget und Zeitplan besser einzusch\u00e4tzen.<\/p>\n<\/div>\n<\/div>\n\n\n\n<div data-wp-class--is-open=\"state.isOpen\" data-wp-context=\"{ &quot;id&quot;: &quot;accordion-item-8&quot;, &quot;openByDefault&quot;: false }\" data-wp-init=\"callbacks.initAccordionItems\" data-wp-on-window--hashchange=\"callbacks.hashChange\" class=\"wp-block-accordion-item is-layout-flow wp-block-accordion-item-is-layout-flow\">\n<h3 class=\"wp-block-accordion-heading\"><button aria-expanded=\"false\" aria-controls=\"accordion-item-8-panel\" data-wp-bind--aria-expanded=\"state.isOpen\" data-wp-on--click=\"actions.toggle\" data-wp-on--keydown=\"actions.handleKeyDown\" id=\"accordion-item-8\" type=\"button\" class=\"wp-block-accordion-heading__toggle\"><span class=\"wp-block-accordion-heading__toggle-title\">Ist die Kontaktaufnahme oder die Nachfrage verbindlich?<\/span><span class=\"wp-block-accordion-heading__toggle-icon\" aria-hidden=\"true\">+<\/span><\/button><\/h3>\n\n\n\n<div inert aria-labelledby=\"accordion-item-8\" data-wp-bind--inert=\"!state.isOpen\" id=\"accordion-item-8-panel\" role=\"region\" class=\"wp-block-accordion-panel is-layout-flow wp-block-accordion-panel-is-layout-flow\">\n<p>Nein, \u00fcberhaupt nicht. Wir besprechen alles ganz in Ruhe, schauen uns Ihre Situation an und pr\u00fcfen, ob wir gut zusammenpassen. Sie entscheiden erst, wenn alles f\u00fcr Sie klar ist.<\/p>\n<\/div>\n<\/div>\n<\/div>\n\n\n\n<div style=\"height:4em\" aria-hidden=\"true\" class=\"wp-block-spacer\"><\/div>\n\n\n\n<div class=\"wp-block-cover alignwide is-light\"><span aria-hidden=\"true\" class=\"wp-block-cover__background has-white-background-color has-background-dim-100 has-background-dim\"><\/span><div class=\"wp-block-cover__inner-container is-layout-constrained wp-block-cover-is-layout-constrained\">\n<div style=\"height:32px\" aria-hidden=\"true\" class=\"wp-block-spacer\"><\/div>\n\n\n\n<h2 class=\"wp-block-heading has-lg-font-size\">Wenn Sie noch Fragen haben, wenden Sie sich gern an unsere Experten.<br>Wir sind f\u00fcr Sie da.<\/h2>\n\n\n\n<div style=\"height:32px\" aria-hidden=\"true\" class=\"wp-block-spacer\"><\/div>\n\n\n\n<div class=\"wp-block-group is-layout-flex wp-container-core-group-is-layout-5481b8d8 wp-block-group-is-layout-flex\">\n<div class=\"wp-block-group is-layout-constrained wp-block-group-is-layout-constrained\">\n<figure class=\"wp-block-image size-full is-resized has-custom-border\" style=\"margin-bottom:var(--wp--preset--spacing--40)\"><img loading=\"lazy\" decoding=\"async\" width=\"321\" height=\"321\" src=\"https:\/\/timberframe.fi\/wp-content\/uploads\/2026\/03\/jukka-hyvarinen.jpg\" alt=\"\" class=\"wp-image-1441\" style=\"border-top-left-radius:9999px;border-top-right-radius:9999px;border-bottom-left-radius:9999px;border-bottom-right-radius:9999px;width:140px\" srcset=\"https:\/\/timberframe.fi\/wp-content\/uploads\/2026\/03\/jukka-hyvarinen.jpg 321w, https:\/\/timberframe.fi\/wp-content\/uploads\/2026\/03\/jukka-hyvarinen-300x300.jpg 300w, https:\/\/timberframe.fi\/wp-content\/uploads\/2026\/03\/jukka-hyvarinen-150x150.jpg 150w\" sizes=\"auto, (max-width: 321px) 100vw, 321px\"><\/figure>\n\n\n\n<p class=\"has-parkinsans-font-family\" style=\"font-style:normal;font-weight:700;line-height:1.25\">Jukka Hyv\u00e4rinen<\/p>\n\n\n\n<div class=\"wp-block-buttons is-vertical is-layout-flex wp-container-core-buttons-is-layout-4d13926e wp-block-buttons-is-layout-flex\">\n<div class=\"wp-block-button is-style-outline is-style-outline--9\"><a rel=\"\" target=\"\" class=\"wp-block-button__link wp-element-button\" href=\"tel:+358500467755\">+358 500 4677 55<\/a><\/div>\n\n\n\n<div class=\"wp-block-button is-style-outline is-style-outline--10\"><a class=\"wp-block-button__link wp-element-button\" href=\"mailto:jukka.hyvarinen@timberframe.fi\">jukka.hyvarinen@timberframe.fi<\/a><\/div>\n<\/div>\n<\/div>\n\n\n\n<div class=\"wp-block-group is-layout-constrained wp-block-group-is-layout-constrained\">\n<figure class=\"wp-block-image size-full is-resized has-custom-border\" style=\"margin-bottom:var(--wp--preset--spacing--40)\"><img loading=\"lazy\" decoding=\"async\" width=\"321\" height=\"321\" src=\"https:\/\/timberframe.fi\/wp-content\/uploads\/2026\/03\/annukka-rahikainen-v2.jpg\" alt=\"\" class=\"wp-image-858\" style=\"border-top-left-radius:9999px;border-top-right-radius:9999px;border-bottom-left-radius:9999px;border-bottom-right-radius:9999px;width:140px\" srcset=\"https:\/\/timberframe.fi\/wp-content\/uploads\/2026\/03\/annukka-rahikainen-v2.jpg 321w, https:\/\/timberframe.fi\/wp-content\/uploads\/2026\/03\/annukka-rahikainen-v2-300x300.jpg 300w, https:\/\/timberframe.fi\/wp-content\/uploads\/2026\/03\/annukka-rahikainen-v2-150x150.jpg 150w\" sizes=\"auto, (max-width: 321px) 100vw, 321px\"><\/figure>\n\n\n\n<p class=\"has-parkinsans-font-family\" style=\"font-style:normal;font-weight:700;line-height:1.25\">Annukka Rahikainen (Englisch)<\/p>\n\n\n\n<div class=\"wp-block-buttons is-vertical is-layout-flex wp-container-core-buttons-is-layout-4d13926e wp-block-buttons-is-layout-flex\">\n<div class=\"wp-block-button is-style-outline is-style-outline--11\"><a rel=\"\" target=\"\" class=\"wp-block-button__link wp-element-button\" href=\"tel:+458400619594\">+358 400 6195 94<\/a><\/div>\n\n\n\n<div class=\"wp-block-button is-style-outline is-style-outline--12\"><a rel=\"\" target=\"\" class=\"wp-block-button__link wp-element-button\" href=\"mailto:annukka.rahikainen@timberframe.fi\">annukka.rahikainen@timberframe.fi<\/a><\/div>\n<\/div>\n<\/div>\n<\/div>\n\n\n\n<div style=\"height:32px\" aria-hidden=\"true\" class=\"wp-block-spacer\"><\/div>\n<\/div><\/div>\n\n\n\n<p><\/p>\n","protected":false},"excerpt":{"rendered":"","protected":false},"author":4,"featured_media":0,"parent":0,"menu_order":0,"comment_status":"closed","ping_status":"closed","template":"","meta":{"_acf_changed":false,"_improvement_type_select":"improve_an_existing","_thumb_yes_seoaic":false,"_frame_yes_seoaic":false,"seoaic_generate_description":"","seoaic_improve_instructions_prompt":"","seoaic_rollback_content_improvement":"","seoaic_idea_thumbnail_generator":"","thumbnail_generated":false,"thumbnail_generate_prompt":"","seoaic_article_description":"","footnotes":""},"class_list":["post-1304","page","type-page","status-publish","hentry"],"acf":[],"_links":{"self":[{"href":"https:\/\/timberframe.fi\/de\/wp-json\/wp\/v2\/pages\/1304","targetHints":{"allow":["GET"]}}],"collection":[{"href":"https:\/\/timberframe.fi\/de\/wp-json\/wp\/v2\/pages"}],"about":[{"href":"https:\/\/timberframe.fi\/de\/wp-json\/wp\/v2\/types\/page"}],"author":[{"embeddable":true,"href":"https:\/\/timberframe.fi\/de\/wp-json\/wp\/v2\/users\/4"}],"replies":[{"embeddable":true,"href":"https:\/\/timberframe.fi\/de\/wp-json\/wp\/v2\/comments?post=1304"}],"version-history":[{"count":7,"href":"https:\/\/timberframe.fi\/de\/wp-json\/wp\/v2\/pages\/1304\/revisions"}],"predecessor-version":[{"id":1804,"href":"https:\/\/timberframe.fi\/de\/wp-json\/wp\/v2\/pages\/1304\/revisions\/1804"}],"wp:attachment":[{"href":"https:\/\/timberframe.fi\/de\/wp-json\/wp\/v2\/media?parent=1304"}],"curies":[{"name":"wp","href":"https:\/\/api.w.org\/{rel}","templated":true}]}}