{"id":1299,"date":"2026-03-04T14:12:28","date_gmt":"2026-03-04T12:12:28","guid":{"rendered":"https:\/\/timberframe.fi\/?page_id=1299"},"modified":"2026-03-13T11:50:49","modified_gmt":"2026-03-13T09:50:49","slug":"kontakt-aufnehmen","status":"publish","type":"page","link":"https:\/\/timberframe.fi\/de\/kontakt-aufnehmen\/","title":{"rendered":"Kontakt aufnehmen"},"content":{"rendered":"\n<div class=\"wp-block-cover alignwide is-light\"><span aria-hidden=\"true\" class=\"wp-block-cover__background has-white-background-color has-background-dim-100 has-background-dim\"><\/span><div class=\"wp-block-cover__inner-container is-layout-constrained wp-block-cover-is-layout-constrained\">\n<div style=\"height:32px\" aria-hidden=\"true\" class=\"wp-block-spacer\"><\/div>\n\n\n\n<h2 class=\"wp-block-heading\">Wir sind f\u00fcr Sie da<\/h2>\n\n\n\n<div style=\"height:32px\" aria-hidden=\"true\" class=\"wp-block-spacer\"><\/div>\n\n\n\n<div class=\"wp-block-group is-layout-flex wp-container-core-group-is-layout-5481b8d8 wp-block-group-is-layout-flex\">\n<div class=\"wp-block-group is-layout-constrained wp-block-group-is-layout-constrained\">\n<figure class=\"wp-block-image size-full is-resized has-custom-border\" style=\"margin-bottom:var(--wp--preset--spacing--40)\"><img loading=\"lazy\" decoding=\"async\" width=\"321\" height=\"321\" src=\"https:\/\/timberframe.fi\/wp-content\/uploads\/2026\/03\/jukka-hyvarinen.jpg\" alt=\"\" class=\"wp-image-1441\" style=\"border-top-left-radius:9999px;border-top-right-radius:9999px;border-bottom-left-radius:9999px;border-bottom-right-radius:9999px;width:140px\" srcset=\"https:\/\/timberframe.fi\/wp-content\/uploads\/2026\/03\/jukka-hyvarinen.jpg 321w, https:\/\/timberframe.fi\/wp-content\/uploads\/2026\/03\/jukka-hyvarinen-300x300.jpg 300w, https:\/\/timberframe.fi\/wp-content\/uploads\/2026\/03\/jukka-hyvarinen-150x150.jpg 150w\" sizes=\"auto, (max-width: 321px) 100vw, 321px\"><\/figure>\n\n\n\n<p class=\"has-parkinsans-font-family\" style=\"font-style:normal;font-weight:700;line-height:1.25\">Jukka Hyv\u00e4rinen<\/p>\n\n\n\n<div class=\"wp-block-buttons is-vertical is-layout-flex wp-container-core-buttons-is-layout-4d13926e wp-block-buttons-is-layout-flex\">\n<div class=\"wp-block-button is-style-outline is-style-outline--1\"><a rel=\"\" target=\"\" class=\"wp-block-button__link wp-element-button\" href=\"tel:+358500467755\">+358 500 4677 55<\/a><\/div>\n\n\n\n<div class=\"wp-block-button is-style-outline is-style-outline--2\"><a class=\"wp-block-button__link wp-element-button\" href=\"mailto:jukka.hyvarinen@timberframe.fi\">jukka.hyvarinen@timberframe.fi<\/a><\/div>\n<\/div>\n<\/div>\n\n\n\n<div class=\"wp-block-group is-layout-constrained wp-block-group-is-layout-constrained\">\n<figure class=\"wp-block-image size-full is-resized has-custom-border\" style=\"margin-bottom:var(--wp--preset--spacing--40)\"><img loading=\"lazy\" decoding=\"async\" width=\"321\" height=\"321\" src=\"https:\/\/timberframe.fi\/wp-content\/uploads\/2026\/03\/annukka-rahikainen-v2.jpg\" alt=\"\" class=\"wp-image-858\" style=\"border-top-left-radius:9999px;border-top-right-radius:9999px;border-bottom-left-radius:9999px;border-bottom-right-radius:9999px;width:140px\" srcset=\"https:\/\/timberframe.fi\/wp-content\/uploads\/2026\/03\/annukka-rahikainen-v2.jpg 321w, https:\/\/timberframe.fi\/wp-content\/uploads\/2026\/03\/annukka-rahikainen-v2-300x300.jpg 300w, https:\/\/timberframe.fi\/wp-content\/uploads\/2026\/03\/annukka-rahikainen-v2-150x150.jpg 150w\" sizes=\"auto, (max-width: 321px) 100vw, 321px\"><\/figure>\n\n\n\n<p class=\"has-parkinsans-font-family\" style=\"font-style:normal;font-weight:700;line-height:1.25\">Annukka Rahikainen (Englisch)<\/p>\n\n\n\n<div class=\"wp-block-buttons is-vertical is-layout-flex wp-container-core-buttons-is-layout-4d13926e wp-block-buttons-is-layout-flex\">\n<div class=\"wp-block-button is-style-outline is-style-outline--3\"><a rel=\"\" target=\"\" class=\"wp-block-button__link wp-element-button\" href=\"tel:+458400619594\">+358 400 6195 94<\/a><\/div>\n\n\n\n<div class=\"wp-block-button is-style-outline is-style-outline--4\"><a rel=\"\" target=\"\" class=\"wp-block-button__link wp-element-button\" href=\"mailto:annukka.rahikainen@timberframe.fi\">annukka.rahikainen@timberframe.fi<\/a><\/div>\n<\/div>\n<\/div>\n<\/div>\n\n\n\n<div style=\"height:32px\" aria-hidden=\"true\" class=\"wp-block-spacer\"><\/div>\n\n\n\n<h3 class=\"wp-block-heading has-md-font-size\">Sie k\u00f6nnen uns auch eine Nachricht \u00fcber das Formular senden<strong>:<\/strong><\/h3>\n\n\n\n<div class=\"wp-block-contact-form-7-contact-form-selector\">\n<div class=\"wpcf7 no-js\" id=\"wpcf7-f1459-o1\" lang=\"fi\" dir=\"ltr\" data-wpcf7-id=\"1459\">\n<div class=\"screen-reader-response\"><p role=\"status\" aria-live=\"polite\" aria-atomic=\"true\"><\/p> <ul><\/ul><\/div>\n<form action=\"\/de\/wp-json\/wp\/v2\/pages\/1299#wpcf7-f1459-o1\" method=\"post\" class=\"wpcf7-form init\" aria-label=\"Yhteydenottolomake\" novalidate=\"novalidate\" data-status=\"init\">\n<fieldset class=\"hidden-fields-container\"><input type=\"hidden\" name=\"_wpcf7\" value=\"1459\"><input type=\"hidden\" name=\"_wpcf7_version\" value=\"6.1.5\"><input type=\"hidden\" name=\"_wpcf7_locale\" value=\"fi\"><input type=\"hidden\" name=\"_wpcf7_unit_tag\" value=\"wpcf7-f1459-o1\"><input type=\"hidden\" name=\"_wpcf7_container_post\" value=\"0\"><input type=\"hidden\" name=\"_wpcf7_posted_data_hash\" value=\"\">\n<\/fieldset>\n<p><span id=\"wpcf7-69ea4363beb96-wrapper\" class=\"wpcf7-form-control-wrap job-wrap\" style=\"display:none !important; visibility:hidden !important;\"><label for=\"wpcf7-69ea4363beb96-field\" class=\"hp-message\">Please leave this field empty.<\/label><input id=\"wpcf7-69ea4363beb96-field\" class=\"wpcf7-form-control wpcf7-text\" type=\"text\" name=\"job\" value=\"\" size=\"40\" tabindex=\"-1\" autocomplete=\"new-password\"><\/span>\n<\/p>\n<div class=\"form-input\">\n\t<p><span class=\"wpcf7-form-control-wrap\" data-name=\"message\"><textarea cols=\"40\" rows=\"10\" maxlength=\"2000\" class=\"wpcf7-form-control wpcf7-textarea wpcf7-validates-as-required contact-form-input\" id=\"contact-form-message\" aria-required=\"true\" aria-invalid=\"false\" name=\"message\"><\/textarea><\/span><br>\n<label for=\"contact-form-message\">Nachricht <span>*<\/span><\/label>\n\t<\/p>\n<\/div>\n<div class=\"form-input\">\n\t<p><span class=\"wpcf7-form-control-wrap\" data-name=\"person\"><input size=\"40\" maxlength=\"400\" class=\"wpcf7-form-control wpcf7-text wpcf7-validates-as-required contact-form-input\" id=\"contact-form-person\" aria-required=\"true\" aria-invalid=\"false\" value=\"\" type=\"text\" name=\"person\"><\/span><br>\n<label for=\"contact-form-person\">Name <span>*<\/span><\/label>\n\t<\/p>\n<\/div>\n<div class=\"form-input\">\n\t<p><span class=\"wpcf7-form-control-wrap\" data-name=\"phone\"><input size=\"40\" maxlength=\"400\" class=\"wpcf7-form-control wpcf7-tel wpcf7-validates-as-required wpcf7-text wpcf7-validates-as-tel contact-form-input\" id=\"contact-form-phone\" aria-required=\"true\" aria-invalid=\"false\" value=\"\" type=\"tel\" name=\"phone\"><\/span><br>\n<label for=\"contact-form-phone\">Telefon <span>*<\/span><\/label>\n\t<\/p>\n<\/div>\n<div class=\"form-input\">\n\t<p><span class=\"wpcf7-form-control-wrap\" data-name=\"email\"><input size=\"40\" maxlength=\"400\" class=\"wpcf7-form-control wpcf7-email wpcf7-validates-as-required wpcf7-text wpcf7-validates-as-email contact-form-input\" id=\"contact-form-email\" aria-required=\"true\" aria-invalid=\"false\" value=\"\" type=\"email\" name=\"email\"><\/span><br>\n<label for=\"contact-form-email\">Email <span>*<\/span><\/label>\n\t<\/p>\n<\/div>\n<p><span class=\"wpcf7-form-control-wrap\" data-name=\"acceptance-247\"><span class=\"wpcf7-form-control wpcf7-acceptance optional\"><span class=\"wpcf7-list-item\"><label><input type=\"checkbox\" name=\"acceptance-247\" value=\"1\" aria-invalid=\"false\"><span class=\"wpcf7-list-item-label\">Ich akzeptiere die Verarbeitung meiner personenbezogenen Daten gem\u00e4\u00df der Datenschutzerkl\u00e4rung.<\/span><\/label><\/span><\/span><\/span>\n<\/p>\n<div class=\"wpcf7-turnstile cf-turnstile\" data-sitekey=\"0x4AAAAAACvxxjMWc6Y77Hmr\" data-response-field-name=\"_wpcf7_turnstile_response\" data-action=\"form-de\" data-appearance=\"interaction-only\"><\/div>\n<p><input class=\"wpcf7-form-control wpcf7-submit has-spinner\" type=\"submit\" value=\"Senden\">\n<\/p><div class=\"wpcf7-response-output\" aria-hidden=\"true\"><\/div>\n<\/form>\n<\/div>\n<\/div>\n\n\n\n<div style=\"height:64px\" aria-hidden=\"true\" class=\"wp-block-spacer\"><\/div>\n\n\n\n<h2 class=\"wp-block-heading\">Produktion<\/h2>\n\n\n\n<p><strong>Oy Timber Frame Ltd<\/strong><br>Sammontakojankatu 8<br>88900 Kuhmo, Finnland<br><a href=\"javascript:;\">info@timberframe.fi<\/a><br><a href=\"https:\/\/timberframe.fi\/de\/\" target=\"_blank\" rel=\"noreferrer noopener\">timberframe.fi<\/a><\/p>\n\n\n\n<div style=\"height:64px\" aria-hidden=\"true\" class=\"wp-block-spacer\"><\/div>\n<\/div><\/div>\n","protected":false},"excerpt":{"rendered":"","protected":false},"author":4,"featured_media":0,"parent":0,"menu_order":0,"comment_status":"closed","ping_status":"closed","template":"","meta":{"_acf_changed":false,"_improvement_type_select":"improve_an_existing","_thumb_yes_seoaic":false,"_frame_yes_seoaic":false,"seoaic_generate_description":"","seoaic_improve_instructions_prompt":"","seoaic_rollback_content_improvement":"","seoaic_idea_thumbnail_generator":"","thumbnail_generated":false,"thumbnail_generate_prompt":"","seoaic_article_description":"","footnotes":""},"class_list":["post-1299","page","type-page","status-publish","hentry"],"acf":[],"_links":{"self":[{"href":"https:\/\/timberframe.fi\/de\/wp-json\/wp\/v2\/pages\/1299","targetHints":{"allow":["GET"]}}],"collection":[{"href":"https:\/\/timberframe.fi\/de\/wp-json\/wp\/v2\/pages"}],"about":[{"href":"https:\/\/timberframe.fi\/de\/wp-json\/wp\/v2\/types\/page"}],"author":[{"embeddable":true,"href":"https:\/\/timberframe.fi\/de\/wp-json\/wp\/v2\/users\/4"}],"replies":[{"embeddable":true,"href":"https:\/\/timberframe.fi\/de\/wp-json\/wp\/v2\/comments?post=1299"}],"version-history":[{"count":7,"href":"https:\/\/timberframe.fi\/de\/wp-json\/wp\/v2\/pages\/1299\/revisions"}],"predecessor-version":[{"id":1490,"href":"https:\/\/timberframe.fi\/de\/wp-json\/wp\/v2\/pages\/1299\/revisions\/1490"}],"wp:attachment":[{"href":"https:\/\/timberframe.fi\/de\/wp-json\/wp\/v2\/media?parent=1299"}],"curies":[{"name":"wp","href":"https:\/\/api.w.org\/{rel}","templated":true}]}}